{"id":3,"date":"2023-05-16T04:39:24","date_gmt":"2023-05-16T04:39:24","guid":{"rendered":"https:\/\/openwiking.com\/?page_id=3"},"modified":"2023-08-24T06:10:37","modified_gmt":"2023-08-24T06:10:37","slug":"privacy-policy","status":"publish","type":"page","link":"https:\/\/openwiking.com\/sv\/privacy-policy\/","title":{"rendered":"Integritets- och cookiepolicy"},"content":{"rendered":"\n<p><strong>Vem vi \u00e4r<\/strong> V\u00e5r webbadress \u00e4r: <a href=\"https:\/\/openwiking.com\/\">https:\/\/openwiking.com<\/a>.<\/p>\n\n\n\n<p><strong>Kommentarer<\/strong> N\u00e4r bes\u00f6kare l\u00e4mnar kommentarer p\u00e5 webbplatsen samlar vi in de uppgifter som visas i kommentarsformul\u00e4ret, tillsammans med bes\u00f6karens IP-adress och webbl\u00e4sarens anv\u00e4ndaragent-str\u00e4ng f\u00f6r att hj\u00e4lpa till med spamdetektering.<\/p>\n\n\n\n<p>En anonymiserad str\u00e4ng som skapats fr\u00e5n din e-postadress (\u00e4ven kallad hash) kan tillhandah\u00e5llas till Gravatar-tj\u00e4nsten f\u00f6r att se om du anv\u00e4nder den. Gravatar-tj\u00e4nstens integritetspolicy finns h\u00e4r: <a href=\"https:\/\/automattic.com\/privacy\/\">Gravatars integritetspolicy<\/a>. Efter godk\u00e4nnande av din kommentar \u00e4r din profilbild synlig f\u00f6r allm\u00e4nheten i samband med din kommentar.<\/p>\n\n\n\n<p><strong>Media<\/strong> Om du laddar upp bilder till webbplatsen b\u00f6r du undvika att ladda upp bilder med inb\u00e4ddade platsdata (EXIF GPS). Bes\u00f6kare p\u00e5 webbplatsen kan ladda ned och extrahera eventuell platsdata fr\u00e5n bilder p\u00e5 webbplatsen.<\/p>\n\n\n\n<p><strong>Cookies<\/strong> Om du l\u00e4mnar en kommentar p\u00e5 v\u00e5r webbplats kan du v\u00e4lja att spara ditt namn, din e-postadress och din webbplats i cookies. Dessa cookies \u00e4r till f\u00f6r din bekv\u00e4mlighet s\u00e5 att du inte beh\u00f6ver fylla i dina uppgifter igen n\u00e4r du l\u00e4mnar en annan kommentar. Dessa cookies varar i ett \u00e5r.<\/p>\n\n\n\n<p>Om du bes\u00f6ker v\u00e5r inloggningssida kommer en tillf\u00e4llig cookie att st\u00e4llas in f\u00f6r att avg\u00f6ra om din webbl\u00e4sare accepterar cookies. Denna cookie inneh\u00e5ller ingen personlig information och tas bort n\u00e4r du st\u00e4nger din webbl\u00e4sare.<\/p>\n\n\n\n<p>N\u00e4r du loggar in st\u00e4ller vi ocks\u00e5 in flera cookies f\u00f6r att spara dina inloggningsuppgifter och dina val av sk\u00e4rmvisning. Inloggningscookies varar i tv\u00e5 dagar och sk\u00e4rmvalcookies varar i ett \u00e5r. Om du v\u00e4ljer &#8221;Kom ih\u00e5g mig&#8221; kommer din inloggning att vara aktiv i tv\u00e5 veckor. Om du loggar ut fr\u00e5n ditt konto tas inloggningscookies bort.<\/p>\n\n\n\n<p>Om du redigerar eller publicerar en artikel sparas en ytterligare cookie i din webbl\u00e4sare. Denna cookie inneh\u00e5ller ingen personlig information utan anger bara inl\u00e4ggets ID som du just har redigerat. Den l\u00f6per ut efter 1 dag.<\/p>\n\n\n\n<p><strong>Inb\u00e4ddat inneh\u00e5ll fr\u00e5n andra webbplatser<\/strong> Artiklar p\u00e5 denna webbplats kan inkludera inb\u00e4ddat inneh\u00e5ll (t.ex. videoklipp, bilder, artiklar osv.). Inb\u00e4ddat inneh\u00e5ll fr\u00e5n andra webbplatser beter sig p\u00e5 exakt samma s\u00e4tt som om bes\u00f6karen hade bes\u00f6kt den andra webbplatsen.<\/p>\n\n\n\n<p>Dessa externa webbplatser kan samla in data om dig, anv\u00e4nda cookies, b\u00e4dda in ytterligare tredjeparts sp\u00e5rning och \u00f6vervaka din interaktion med det inb\u00e4ddade inneh\u00e5llet, inklusive sp\u00e5rning av din interaktion om du har ett konto och \u00e4r inloggad p\u00e5 den webbplatsen.<\/p>\n\n\n\n<p><strong>Med vilka vi delar dina uppgifter<\/strong> Om du beg\u00e4r en \u00e5terst\u00e4llning av ditt l\u00f6senord inkluderas din IP-adress i \u00e5terst\u00e4llningsmeddelandet.<\/p>\n\n\n\n<p><strong>Hur l\u00e4nge vi beh\u00e5ller dina uppgifter<\/strong> Om du l\u00e4mnar en kommentar beh\u00e5lls kommentaren och dess metadata p\u00e5 obest\u00e4md tid. Detta g\u00f6rs f\u00f6r att automatiskt k\u00e4nna igen och godk\u00e4nna eventuella uppf\u00f6ljningskommentarer ist\u00e4llet f\u00f6r att beh\u00e5lla dem i en modereringsk\u00f6.<\/p>\n\n\n\n<p>F\u00f6r anv\u00e4ndare som registrerar sig p\u00e5 v\u00e5r webbplats (om till\u00e4mpligt) lagrar vi ocks\u00e5 personlig information som de tillhandah\u00e5ller i sina anv\u00e4ndarprofiler. Alla anv\u00e4ndare kan se, redigera eller ta bort sina personuppgifter n\u00e4r som helst (f\u00f6rutom anv\u00e4ndarnamnet). Webbplatsadministrat\u00f6rer kan ocks\u00e5 se och redigera denna information.<\/p>\n\n\n\n<p><strong>Dina r\u00e4ttigheter \u00f6ver dina uppgifter<\/strong> Om du har ett konto p\u00e5 denna webbplats eller har l\u00e4mnat kommentarer kan du beg\u00e4ra en exporterad fil med de personuppgifter vi har om dig, inklusive alla uppgifter du har gett oss. Du kan ocks\u00e5 beg\u00e4ra att vi tar bort alla personuppgifter vi har om dig. Detta inkluderar inte uppgifter som vi \u00e4r skyldiga att beh\u00e5lla av administrativa, juridiska eller s\u00e4kerhetsm\u00e4ssiga sk\u00e4l.<\/p>\n\n\n\n<p><strong>Var dina uppgifter skickas<\/strong> Bes\u00f6kares kommentarer kan kontrolleras genom en automatiserad tj\u00e4nst f\u00f6r spamdetektering.<\/p>\n","protected":false},"excerpt":{"rendered":"<p>Vem vi \u00e4r V\u00e5r webbadress \u00e4r: https:\/\/openwiking.com. Kommentarer N\u00e4r bes\u00f6kare l\u00e4mnar kommentarer p\u00e5 webbplatsen samlar vi in de uppgifter som visas i kommentarsformul\u00e4ret, tillsammans med&#8230;<\/p>\n","protected":false},"author":1,"featured_media":0,"parent":0,"menu_order":0,"comment_status":"closed","ping_status":"open","template":"","meta":{"footnotes":""},"class_list":["post-3","page","type-page","status-publish","hentry"],"translation":{"provider":"WPGlobus","version":"3.0.2","language":"sv","enabled_languages":["en","es","de","fr","da","it","nl","no","br","sv"],"languages":{"en":{"title":true,"content":true,"excerpt":false},"es":{"title":true,"content":true,"excerpt":false},"de":{"title":true,"content":true,"excerpt":false},"fr":{"title":true,"content":true,"excerpt":false},"da":{"title":true,"content":true,"excerpt":false},"it":{"title":true,"content":true,"excerpt":false},"nl":{"title":true,"content":true,"excerpt":false},"no":{"title":true,"content":true,"excerpt":false},"br":{"title":true,"content":true,"excerpt":false},"sv":{"title":true,"content":true,"excerpt":false}}},"_links":{"self":[{"href":"https:\/\/openwiking.com\/sv\/wp-json\/wp\/v2\/pages\/3","targetHints":{"allow":["GET"]}}],"collection":[{"href":"https:\/\/openwiking.com\/sv\/wp-json\/wp\/v2\/pages"}],"about":[{"href":"https:\/\/openwiking.com\/sv\/wp-json\/wp\/v2\/types\/page"}],"author":[{"embeddable":true,"href":"https:\/\/openwiking.com\/sv\/wp-json\/wp\/v2\/users\/1"}],"replies":[{"embeddable":true,"href":"https:\/\/openwiking.com\/sv\/wp-json\/wp\/v2\/comments?post=3"}],"version-history":[{"count":10,"href":"https:\/\/openwiking.com\/sv\/wp-json\/wp\/v2\/pages\/3\/revisions"}],"predecessor-version":[{"id":145,"href":"https:\/\/openwiking.com\/sv\/wp-json\/wp\/v2\/pages\/3\/revisions\/145"}],"wp:attachment":[{"href":"https:\/\/openwiking.com\/sv\/wp-json\/wp\/v2\/media?parent=3"}],"curies":[{"name":"wp","href":"https:\/\/api.w.org\/{rel}","templated":true}]}}