{"id":3,"date":"2023-05-16T04:39:24","date_gmt":"2023-05-16T04:39:24","guid":{"rendered":"https:\/\/openwiking.com\/?page_id=3"},"modified":"2023-08-24T06:10:37","modified_gmt":"2023-08-24T06:10:37","slug":"privacy-policy","status":"publish","type":"page","link":"https:\/\/openwiking.com\/no\/privacy-policy\/","title":{"rendered":"Personvern- og informasjonskapselpolicy"},"content":{"rendered":"\n<p><strong>Hvem vi er<\/strong> V\u00e5r nettadresse er: <a href=\"https:\/\/openwiking.com\/\">https:\/\/openwiking.com<\/a>.<\/p>\n\n\n\n<p><strong>Kommentarer<\/strong> N\u00e5r bes\u00f8kende legger igjen kommentarer p\u00e5 nettstedet, samler vi inn dataene som vises i kommentarskjemaet, i tillegg til bes\u00f8kendes IP-adresse og nettleserens brukeragentstreng for \u00e5 bidra til \u00e5 oppdage spam.<\/p>\n\n\n\n<p>En anonymisert streng opprettet fra e-postadressen din (ogs\u00e5 kalt hash) kan leveres til Gravatar-tjenesten for \u00e5 se om du bruker den. Personvernpolicyen til Gravatar-tjenesten er tilgjengelig her: <a href=\"https:\/\/automattic.com\/privacy\/\">Gravatar personvernpolicy<\/a>. Etter godkjenning av kommentaren din vil profilbildet ditt v\u00e6re synlig for offentligheten i sammenheng med kommentaren din.<\/p>\n\n\n\n<p><strong>Medier<\/strong> Hvis du laster opp bilder til nettsiden, unng\u00e5 \u00e5 laste opp bilder med innebygde lokasjonsdata (EXIF GPS). Bes\u00f8kende p\u00e5 nettsiden kan laste ned og hente ut eventuelle lokasjonsdata fra bilder p\u00e5 nettsiden.<\/p>\n\n\n\n<p><strong>Informasjonskapsler<\/strong> Hvis du legger igjen en kommentar p\u00e5 nettstedet v\u00e5rt, kan du velge \u00e5 lagre navnet ditt, e-postadressen din og nettsiden din i informasjonskapsler. Disse informasjonskapslene er for din bekvemmelighet, slik at du ikke trenger \u00e5 fylle inn detaljene dine p\u00e5 nytt n\u00e5r du legger igjen en annen kommentar. Disse informasjonskapslene vil vare i ett \u00e5r.<\/p>\n\n\n\n<p>Hvis du bes\u00f8ker v\u00e5r p\u00e5loggingsside, blir det satt en midlertidig informasjonskapsel for \u00e5 avgj\u00f8re om nettleseren din godtar informasjonskapsler. Denne informasjonskapselen inneholder ingen personlige data og blir slettet n\u00e5r du lukker nettleseren din.<\/p>\n\n\n\n<p>N\u00e5r du logger inn, setter vi ogs\u00e5 opp flere informasjonskapsler for \u00e5 lagre innloggingsinformasjonen din og skjermvalgene dine. Innloggingsinformasjonskapsler varer i to dager, og skjermvalg-informasjonskapsler varer i ett \u00e5r. Hvis du velger &#8220;Husk meg&#8221;, vil innloggingen din vedvare i to uker. Hvis du logger ut fra kontoen din, blir innloggingsinformasjonskapslene fjernet.<\/p>\n\n\n\n<p>Hvis du redigerer eller publiserer en artikkel, blir det lagret en ekstra informasjonskapsel i nettleseren din. Denne informasjonskapselen inneholder ingen personlige data og indikerer bare post-IDen til artikkelen du nettopp har redigert. Den utl\u00f8per etter 1 dag.<\/p>\n\n\n\n<p><strong>Innleiret innhold fra andre nettsteder<\/strong> Artikler p\u00e5 dette nettstedet kan inkludere innleiret innhold (for eksempel videoer, bilder, artikler osv.). Innleiret innhold fra andre nettsteder oppf\u00f8rer seg p\u00e5 n\u00f8yaktig samme m\u00e5te som om bes\u00f8kende hadde bes\u00f8kt det andre nettstedet.<\/p>\n\n\n\n<p>Disse eksterne nettstedene kan samle inn data om deg, bruke informasjonskapsler, bygge inn tilleggs tredjeparts sporing og overv\u00e5ke din interaksjon med det innleirede innholdet, inkludert sporing av interaksjonen din hvis du har en konto og er logget inn p\u00e5 det nettstedet.<\/p>\n\n\n\n<p><strong>Hvem vi deler dine data med<\/strong> Hvis du ber om tilbakestilling av passordet ditt, vil IP-adressen din bli inkludert i tilbakestillings-e-posten.<\/p>\n\n\n\n<p><strong>Hvor lenge vi beholder dataene dine<\/strong> Hvis du legger igjen en kommentar, blir kommentaren og dens metadata oppbevart p\u00e5 ubestemt tid. Dette gj\u00f8res for \u00e5 kunne gjenkjenne og godkjenne eventuelle oppf\u00f8lgingskommentarer automatisk i stedet for \u00e5 holde dem i en modereringsk\u00f8.<\/p>\n\n\n\n<p>For brukere som registrerer seg p\u00e5 nettsiden v\u00e5r (hvis relevant), lagrer vi ogs\u00e5 personlig informasjon som de oppgir i brukerprofilen. Alle brukere kan se, redigere eller slette sin personlige informasjon n\u00e5r som helst (unntatt brukernavnet). Nettstedadministratorer kan ogs\u00e5 se og redigere denne informasjonen.<\/p>\n\n\n\n<p><strong>Dine rettigheter over dine data<\/strong> Hvis du har en konto p\u00e5 dette nettstedet eller har lagt igjen kommentarer, kan du be om \u00e5 motta en eksportert fil med de personlige dataene vi har om deg, inkludert eventuelle data du har gitt oss. Du kan ogs\u00e5 be om at vi sletter alle personlige data vi har om deg. Dette inkluderer ikke data vi er p\u00e5lagt \u00e5 beholde av administrative, juridiske eller sikkerhetsmessige \u00e5rsaker.<\/p>\n\n\n\n<p><strong>Hvor dataene dine sendes<\/strong> Kommentarer fra bes\u00f8kende kan bli sjekket gjennom en automatisk spamgjenkjennelsestjeneste.<\/p>\n","protected":false},"excerpt":{"rendered":"<p>Hvem vi er V\u00e5r nettadresse er: https:\/\/openwiking.com. Kommentarer N\u00e5r bes\u00f8kende legger igjen kommentarer p\u00e5 nettstedet, samler vi inn dataene som vises i kommentarskjemaet, i tillegg&#8230;<\/p>\n","protected":false},"author":1,"featured_media":0,"parent":0,"menu_order":0,"comment_status":"closed","ping_status":"open","template":"","meta":{"footnotes":""},"class_list":["post-3","page","type-page","status-publish","hentry"],"translation":{"provider":"WPGlobus","version":"3.0.2","language":"no","enabled_languages":["en","es","de","fr","da","it","nl","no","br","sv"],"languages":{"en":{"title":true,"content":true,"excerpt":false},"es":{"title":true,"content":true,"excerpt":false},"de":{"title":true,"content":true,"excerpt":false},"fr":{"title":true,"content":true,"excerpt":false},"da":{"title":true,"content":true,"excerpt":false},"it":{"title":true,"content":true,"excerpt":false},"nl":{"title":true,"content":true,"excerpt":false},"no":{"title":true,"content":true,"excerpt":false},"br":{"title":true,"content":true,"excerpt":false},"sv":{"title":true,"content":true,"excerpt":false}}},"_links":{"self":[{"href":"https:\/\/openwiking.com\/no\/wp-json\/wp\/v2\/pages\/3","targetHints":{"allow":["GET"]}}],"collection":[{"href":"https:\/\/openwiking.com\/no\/wp-json\/wp\/v2\/pages"}],"about":[{"href":"https:\/\/openwiking.com\/no\/wp-json\/wp\/v2\/types\/page"}],"author":[{"embeddable":true,"href":"https:\/\/openwiking.com\/no\/wp-json\/wp\/v2\/users\/1"}],"replies":[{"embeddable":true,"href":"https:\/\/openwiking.com\/no\/wp-json\/wp\/v2\/comments?post=3"}],"version-history":[{"count":10,"href":"https:\/\/openwiking.com\/no\/wp-json\/wp\/v2\/pages\/3\/revisions"}],"predecessor-version":[{"id":145,"href":"https:\/\/openwiking.com\/no\/wp-json\/wp\/v2\/pages\/3\/revisions\/145"}],"wp:attachment":[{"href":"https:\/\/openwiking.com\/no\/wp-json\/wp\/v2\/media?parent=3"}],"curies":[{"name":"wp","href":"https:\/\/api.w.org\/{rel}","templated":true}]}}