{"id":3,"date":"2023-05-16T04:39:24","date_gmt":"2023-05-16T04:39:24","guid":{"rendered":"https:\/\/openwiking.com\/?page_id=3"},"modified":"2023-08-24T06:10:37","modified_gmt":"2023-08-24T06:10:37","slug":"privacy-policy","status":"publish","type":"page","link":"https:\/\/openwiking.com\/fr\/privacy-policy\/","title":{"rendered":"Politique de confidentialit\u00e9 et de cookies"},"content":{"rendered":"\n<p><strong>Qui sommes-nous<\/strong> L&#8217;adresse de notre site web est : <a href=\"https:\/\/openwiking.com\/\">https:\/\/openwiking.com<\/a>.<\/p>\n\n\n\n<p><strong>Commentaires<\/strong> Lorsque les visiteurs laissent des commentaires sur le site, nous recueillons les donn\u00e9es affich\u00e9es dans le formulaire de commentaires, ainsi que l&#8217;adresse IP du visiteur et la cha\u00eene d&#8217;agent utilisateur du navigateur pour aider \u00e0 d\u00e9tecter les spams.<\/p>\n\n\n\n<p>Une cha\u00eene anonymis\u00e9e cr\u00e9\u00e9e \u00e0 partir de votre adresse e-mail (\u00e9galement appel\u00e9e hash) peut \u00eatre fournie au service Gravatar pour v\u00e9rifier si vous l&#8217;utilisez. La politique de confidentialit\u00e9 du service Gravatar est disponible ici : <a href=\"https:\/\/automattic.com\/privacy\/\">Politique de confidentialit\u00e9 Gravatar<\/a>. Apr\u00e8s approbation de votre commentaire, votre photo de profil sera visible par le public dans le contexte de votre commentaire.<\/p>\n\n\n\n<p><strong>M\u00e9dias<\/strong> Si vous t\u00e9l\u00e9chargez des images sur le site web, veuillez \u00e9viter de t\u00e9l\u00e9charger des images contenant des donn\u00e9es de localisation int\u00e9gr\u00e9es (EXIF GPS). Les visiteurs du site web peuvent t\u00e9l\u00e9charger et extraire les donn\u00e9es de localisation des images du site.<\/p>\n\n\n\n<p><strong>Cookies<\/strong> Si vous laissez un commentaire sur notre site, vous pouvez choisir d&#8217;enregistrer votre nom, votre adresse e-mail et votre site web dans des cookies. Ces cookies sont destin\u00e9s \u00e0 votre confort, afin que vous n&#8217;ayez pas \u00e0 remplir \u00e0 nouveau vos informations lorsque vous laissez un autre commentaire. Ces cookies auront une dur\u00e9e d&#8217;un an.<\/p>\n\n\n\n<p>Lorsque vous visitez notre page de connexion, un cookie temporaire sera d\u00e9fini pour d\u00e9terminer si votre navigateur accepte les cookies. Ce cookie ne contient aucune donn\u00e9e personnelle et est supprim\u00e9 lorsque vous fermez votre navigateur.<\/p>\n\n\n\n<p>Lorsque vous vous connectez, nous configurerons \u00e9galement plusieurs cookies pour enregistrer vos informations de connexion et vos pr\u00e9f\u00e9rences d&#8217;affichage \u00e0 l&#8217;\u00e9cran. Les cookies de connexion sont actifs pendant deux jours, et les cookies d&#8217;options d&#8217;affichage ont une dur\u00e9e d&#8217;un an. Si vous s\u00e9lectionnez l&#8217;option &#8220;Se souvenir de moi&#8221;, votre connexion restera active pendant deux semaines. Se d\u00e9connecter de votre compte entra\u00eenera la suppression des cookies de connexion.<\/p>\n\n\n\n<p>Lorsque vous modifiez ou publiez un article, un cookie suppl\u00e9mentaire sera enregistr\u00e9 dans votre navigateur. Ce cookie ne contient aucune donn\u00e9e personnelle et indique simplement l&#8217;identifiant de l&#8217;article que vous venez de modifier. Il expire apr\u00e8s 1 jour.<\/p>\n\n\n\n<p><strong>Contenu int\u00e9gr\u00e9 depuis d&#8217;autres sites web<\/strong> Les articles de ce site peuvent inclure du contenu int\u00e9gr\u00e9 (par exemple des vid\u00e9os, des images, des articles, etc.). Le contenu int\u00e9gr\u00e9 depuis d&#8217;autres sites web se comporte de la m\u00eame mani\u00e8re que si le visiteur avait visit\u00e9 l&#8217;autre site.<\/p>\n\n\n\n<p>Ces sites web externes peuvent collecter des donn\u00e9es \u00e0 votre sujet, utiliser des cookies, int\u00e9grer un suivi tiers suppl\u00e9mentaire et surveiller votre interaction avec le contenu int\u00e9gr\u00e9. Cela inclut le suivi de votre interaction si vous avez un compte et \u00eates connect\u00e9 \u00e0 ce site web.<\/p>\n\n\n\n<p><strong>Avec qui partageons-nous vos donn\u00e9es<\/strong> Si vous demandez une r\u00e9initialisation de mot de passe, votre adresse IP sera incluse dans l&#8217;e-mail de r\u00e9initialisation.<\/p>\n\n\n\n<p><strong>Combien de temps nous conservons vos donn\u00e9es<\/strong> Si vous laissez un commentaire, le commentaire et ses m\u00e9tadonn\u00e9es sont conserv\u00e9s ind\u00e9finiment. Cela permet de reconna\u00eetre et d&#8217;approuver automatiquement tout commentaire de suivi au lieu de les maintenir dans une file d&#8217;attente de mod\u00e9ration.<\/p>\n\n\n\n<p>Pour les utilisateurs qui s&#8217;inscrivent sur notre site web (le cas \u00e9ch\u00e9ant), nous stockons les informations personnelles qu&#8217;ils fournissent dans leur profil utilisateur. Tous les utilisateurs peuvent voir, modifier ou supprimer leurs informations personnelles \u00e0 tout moment (\u00e0 l&#8217;exception du nom d&#8217;utilisateur). Les administrateurs du site web peuvent \u00e9galement voir et modifier ces informations.<\/p>\n\n\n\n<p><strong>Vos droits sur vos donn\u00e9es<\/strong> Si vous avez un compte sur ce site ou avez laiss\u00e9 des commentaires, vous pouvez demander \u00e0 recevoir un fichier export\u00e9 des donn\u00e9es personnelles que nous d\u00e9tenons \u00e0 votre sujet, y compris les donn\u00e9es que vous nous avez fournies. Vous pouvez \u00e9galement demander que nous effacions toutes les donn\u00e9es personnelles que nous d\u00e9tenons \u00e0 votre sujet. Cependant, cela n&#8217;inclut pas les donn\u00e9es que nous sommes tenus de conserver \u00e0 des fins administratives, l\u00e9gales ou de s\u00e9curit\u00e9.<\/p>\n\n\n\n<p><strong>O\u00f9 vos donn\u00e9es sont envoy\u00e9es<\/strong> Les commentaires des visiteurs peuvent \u00eatre v\u00e9rifi\u00e9s \u00e0 l&#8217;aide d&#8217;un service de d\u00e9tection automatique de spam.<\/p>\n","protected":false},"excerpt":{"rendered":"<p>Qui sommes-nous L&#8217;adresse de notre site web est : https:\/\/openwiking.com. Commentaires Lorsque les visiteurs laissent des commentaires sur le site, nous recueillons les donn\u00e9es affich\u00e9es&#8230;<\/p>\n","protected":false},"author":1,"featured_media":0,"parent":0,"menu_order":0,"comment_status":"closed","ping_status":"open","template":"","meta":{"footnotes":""},"class_list":["post-3","page","type-page","status-publish","hentry"],"translation":{"provider":"WPGlobus","version":"3.0.2","language":"fr","enabled_languages":["en","es","de","fr","da","it","nl","no","br","sv"],"languages":{"en":{"title":true,"content":true,"excerpt":false},"es":{"title":true,"content":true,"excerpt":false},"de":{"title":true,"content":true,"excerpt":false},"fr":{"title":true,"content":true,"excerpt":false},"da":{"title":true,"content":true,"excerpt":false},"it":{"title":true,"content":true,"excerpt":false},"nl":{"title":true,"content":true,"excerpt":false},"no":{"title":true,"content":true,"excerpt":false},"br":{"title":true,"content":true,"excerpt":false},"sv":{"title":true,"content":true,"excerpt":false}}},"_links":{"self":[{"href":"https:\/\/openwiking.com\/fr\/wp-json\/wp\/v2\/pages\/3","targetHints":{"allow":["GET"]}}],"collection":[{"href":"https:\/\/openwiking.com\/fr\/wp-json\/wp\/v2\/pages"}],"about":[{"href":"https:\/\/openwiking.com\/fr\/wp-json\/wp\/v2\/types\/page"}],"author":[{"embeddable":true,"href":"https:\/\/openwiking.com\/fr\/wp-json\/wp\/v2\/users\/1"}],"replies":[{"embeddable":true,"href":"https:\/\/openwiking.com\/fr\/wp-json\/wp\/v2\/comments?post=3"}],"version-history":[{"count":10,"href":"https:\/\/openwiking.com\/fr\/wp-json\/wp\/v2\/pages\/3\/revisions"}],"predecessor-version":[{"id":145,"href":"https:\/\/openwiking.com\/fr\/wp-json\/wp\/v2\/pages\/3\/revisions\/145"}],"wp:attachment":[{"href":"https:\/\/openwiking.com\/fr\/wp-json\/wp\/v2\/media?parent=3"}],"curies":[{"name":"wp","href":"https:\/\/api.w.org\/{rel}","templated":true}]}}