{"id":3,"date":"2023-05-16T04:39:24","date_gmt":"2023-05-16T04:39:24","guid":{"rendered":"https:\/\/openwiking.com\/?page_id=3"},"modified":"2023-08-24T06:10:37","modified_gmt":"2023-08-24T06:10:37","slug":"privacy-policy","status":"publish","type":"page","link":"https:\/\/openwiking.com\/es\/privacy-policy\/","title":{"rendered":"Pol\u00edtica de Privacidad y Cookies"},"content":{"rendered":"\n<p><strong>Qui\u00e9nes somos<\/strong> La direcci\u00f3n de nuestro sitio web es: <a href=\"https:\/\/openwiking.com\/\">https:\/\/openwiking.com<\/a>.<\/p>\n\n\n\n<p><strong>Comentarios<\/strong> Cuando los visitantes dejan comentarios en el sitio, recopilamos los datos que se muestran en el formulario de comentarios, as\u00ed como la direcci\u00f3n IP del visitante y la cadena del agente de usuario del navegador para ayudar a detectar el spam.<\/p>\n\n\n\n<p>Se puede proporcionar una cadena anonimizada creada a partir de su direcci\u00f3n de correo electr\u00f3nico (tambi\u00e9n conocida como hash) al servicio Gravatar para determinar si lo est\u00e1 utilizando. La pol\u00edtica de privacidad del servicio Gravatar est\u00e1 disponible aqu\u00ed: <a href=\"https:\/\/automattic.com\/privacy\/\">Pol\u00edtica de privacidad de Gravatar<\/a>. Despu\u00e9s de que se apruebe su comentario, su imagen de perfil ser\u00e1 visible para el p\u00fablico en el contexto de su comentario.<\/p>\n\n\n\n<p><strong>Medios<\/strong> Si carga im\u00e1genes en el sitio web, evite cargar im\u00e1genes con datos de ubicaci\u00f3n incrustados (EXIF GPS). Los visitantes del sitio web pueden descargar y extraer datos de ubicaci\u00f3n de las im\u00e1genes en el sitio web.<\/p>\n\n\n\n<p><strong>Cookies<\/strong> Si deja un comentario en nuestro sitio, puede optar por guardar su nombre, direcci\u00f3n de correo electr\u00f3nico y sitio web en cookies. Estas cookies son para su conveniencia, para que no tenga que volver a completar sus datos al dejar otro comentario. Estas cookies tendr\u00e1n una duraci\u00f3n de un a\u00f1o.<\/p>\n\n\n\n<p>Cuando visite nuestra p\u00e1gina de inicio de sesi\u00f3n, se establecer\u00e1 una cookie temporal para determinar si su navegador acepta cookies. Esta cookie no contiene datos personales y se descarta cuando cierra su navegador.<\/p>\n\n\n\n<p>Al iniciar sesi\u00f3n, configuraremos varias cookies para guardar su informaci\u00f3n de inicio de sesi\u00f3n y sus preferencias de visualizaci\u00f3n de pantalla. Las cookies de inicio de sesi\u00f3n est\u00e1n activas durante dos d\u00edas, y las cookies de opciones de pantalla duran un a\u00f1o. Si selecciona &#8220;Recordarme&#8221;, su inicio de sesi\u00f3n persistir\u00e1 durante dos semanas. Cerrar la sesi\u00f3n de su cuenta resultar\u00e1 en la eliminaci\u00f3n de las cookies de inicio de sesi\u00f3n.<\/p>\n\n\n\n<p>Cuando edite o publique un art\u00edculo, se guardar\u00e1 una cookie adicional en su navegador. Esta cookie no contiene datos personales y simplemente indica el ID de la publicaci\u00f3n del art\u00edculo que edit\u00f3. Expira despu\u00e9s de 1 d\u00eda.<\/p>\n\n\n\n<p><strong>Contenido incrustado de otros sitios web<\/strong> Los art\u00edculos en este sitio pueden incluir contenido incrustado, como videos, im\u00e1genes, art\u00edculos, etc. El contenido incrustado de otros sitios web se comporta de manera similar a cuando visita el otro sitio web.<\/p>\n\n\n\n<p>Estos sitios web externos pueden recopilar datos sobre usted, utilizar cookies, incrustar seguimiento adicional de terceros y monitorear su interacci\u00f3n con el contenido incrustado. Esto incluye el seguimiento de su interacci\u00f3n si tiene una cuenta e inicia sesi\u00f3n en ese sitio web.<\/p>\n\n\n\n<p><strong>Con qui\u00e9n compartimos sus datos<\/strong> Si solicita un restablecimiento de contrase\u00f1a, se incluir\u00e1 su direcci\u00f3n IP en el correo electr\u00f3nico de restablecimiento.<\/p>\n\n\n\n<p><strong>Cu\u00e1nto tiempo conservamos sus datos<\/strong> Si deja un comentario, el comentario y sus metadatos se conservan indefinidamente. Esto se hace para reconocer y aprobar autom\u00e1ticamente cualquier comentario de seguimiento en lugar de mantenerlos en una cola de moderaci\u00f3n.<\/p>\n\n\n\n<p>Para los usuarios que se registren en nuestro sitio web (si corresponde), almacenamos la informaci\u00f3n personal que proporcionan en su perfil de usuario. Todos los usuarios pueden ver, editar o eliminar su informaci\u00f3n personal en cualquier momento (excepto el nombre de usuario). Los administradores del sitio web tambi\u00e9n pueden ver y editar esta informaci\u00f3n.<\/p>\n\n\n\n<p><strong>Sus derechos sobre sus datos<\/strong> Si tiene una cuenta en este sitio o ha dejado comentarios, puede solicitar un archivo exportado de los datos personales que tenemos sobre usted, incluidos los datos que nos ha proporcionado. Tambi\u00e9n puede solicitar que eliminemos cualquier dato personal que tengamos sobre usted. Sin embargo, esto no incluye los datos que estamos obligados a conservar por motivos administrativos, legales o de seguridad.<\/p>\n\n\n\n<p><strong>D\u00f3nde se env\u00edan sus datos<\/strong> Los comentarios de los visitantes pueden ser revisados a trav\u00e9s de un servicio automatizado de detecci\u00f3n de spam.<\/p>\n","protected":false},"excerpt":{"rendered":"<p>Qui\u00e9nes somos La direcci\u00f3n de nuestro sitio web es: https:\/\/openwiking.com. Comentarios Cuando los visitantes dejan comentarios en el sitio, recopilamos los datos que se muestran&#8230;<\/p>\n","protected":false},"author":1,"featured_media":0,"parent":0,"menu_order":0,"comment_status":"closed","ping_status":"open","template":"","meta":{"footnotes":""},"class_list":["post-3","page","type-page","status-publish","hentry"],"translation":{"provider":"WPGlobus","version":"3.0.2","language":"es","enabled_languages":["en","es","de","fr","da","it","nl","no","br","sv"],"languages":{"en":{"title":true,"content":true,"excerpt":false},"es":{"title":true,"content":true,"excerpt":false},"de":{"title":true,"content":true,"excerpt":false},"fr":{"title":true,"content":true,"excerpt":false},"da":{"title":true,"content":true,"excerpt":false},"it":{"title":true,"content":true,"excerpt":false},"nl":{"title":true,"content":true,"excerpt":false},"no":{"title":true,"content":true,"excerpt":false},"br":{"title":true,"content":true,"excerpt":false},"sv":{"title":true,"content":true,"excerpt":false}}},"_links":{"self":[{"href":"https:\/\/openwiking.com\/es\/wp-json\/wp\/v2\/pages\/3","targetHints":{"allow":["GET"]}}],"collection":[{"href":"https:\/\/openwiking.com\/es\/wp-json\/wp\/v2\/pages"}],"about":[{"href":"https:\/\/openwiking.com\/es\/wp-json\/wp\/v2\/types\/page"}],"author":[{"embeddable":true,"href":"https:\/\/openwiking.com\/es\/wp-json\/wp\/v2\/users\/1"}],"replies":[{"embeddable":true,"href":"https:\/\/openwiking.com\/es\/wp-json\/wp\/v2\/comments?post=3"}],"version-history":[{"count":10,"href":"https:\/\/openwiking.com\/es\/wp-json\/wp\/v2\/pages\/3\/revisions"}],"predecessor-version":[{"id":145,"href":"https:\/\/openwiking.com\/es\/wp-json\/wp\/v2\/pages\/3\/revisions\/145"}],"wp:attachment":[{"href":"https:\/\/openwiking.com\/es\/wp-json\/wp\/v2\/media?parent=3"}],"curies":[{"name":"wp","href":"https:\/\/api.w.org\/{rel}","templated":true}]}}