{"id":3,"date":"2023-05-16T04:39:24","date_gmt":"2023-05-16T04:39:24","guid":{"rendered":"https:\/\/openwiking.com\/?page_id=3"},"modified":"2023-08-24T06:10:37","modified_gmt":"2023-08-24T06:10:37","slug":"privacy-policy","status":"publish","type":"page","link":"https:\/\/openwiking.com\/da\/privacy-policy\/","title":{"rendered":"Privatlivs- og Cookiepolitik"},"content":{"rendered":"\n<p><strong>Hvem vi er<\/strong> Vores webadresse er: <a href=\"https:\/\/openwiking.com\/\">https:\/\/openwiking.com<\/a>.<\/p>\n\n\n\n<p><strong>Kommentarer<\/strong> N\u00e5r bes\u00f8gende efterlader kommentarer p\u00e5 webstedet, indsamler vi de data, der vises i kommentarformularen, samt bes\u00f8gendes IP-adresse og browserbrugeragent-streng for at hj\u00e6lpe med at opdage spam.<\/p>\n\n\n\n<p>En anonymiseret streng oprettet ud fra din e-mailadresse (ogs\u00e5 kaldet en hash) kan gives til Gravatar-tjenesten for at se, om du bruger den. Gravatar-tjenestens privatlivspolitik findes her: <a href=\"https:\/\/automattic.com\/privacy\/\">Gravatar Privatlivspolitik<\/a>. Efter godkendelse af din kommentar vil dit profilbillede v\u00e6re synligt for offentligheden i forbindelse med din kommentar.<\/p>\n\n\n\n<p><strong>Medier<\/strong> Hvis du uploader billeder til websitet, b\u00f8r du undg\u00e5 at uploade billeder med indlejret placering data (EXIF GPS). Bes\u00f8gende p\u00e5 websitet kan downloade og udtr\u00e6kke eventuelle placering data fra billeder p\u00e5 websitet.<\/p>\n\n\n\n<p><strong>Cookies<\/strong> Hvis du efterlader en kommentar p\u00e5 vores websted, kan du v\u00e6lge at gemme dit navn, e-mailadresse og website i cookies. Disse cookies er til din bekvemmelighed, s\u00e5 du ikke beh\u00f8ver at udfylde dine oplysninger igen, n\u00e5r du efterlader en anden kommentar. Disse cookies vil vare et \u00e5r.<\/p>\n\n\n\n<p>Hvis du bes\u00f8ger vores login-side, vil en midlertidig cookie blive sat for at afg\u00f8re, om din browser accepterer cookies. Denne cookie indeholder ingen personlige data og slettes, n\u00e5r du lukker din browser.<\/p>\n\n\n\n<p>N\u00e5r du logger ind, vil vi ogs\u00e5 oprette flere cookies for at gemme dine loginoplysninger og dine sk\u00e6rmdisplay-valg. Login-cookies varer i to dage, og sk\u00e6rmvalg-cookies varer et \u00e5r. Hvis du v\u00e6lger &#8220;Husk mig&#8221;, vil din login forts\u00e6tte i to uger. Hvis du logger ud af din konto, vil login-cookies blive fjernet.<\/p>\n\n\n\n<p>Hvis du redigerer eller udgiver en artikel, gemmes der en ekstra cookie i din browser. Denne cookie indeholder ingen personlige data og angiver blot artikelens ID, som du lige har redigeret. Den udl\u00f8ber efter 1 dag.<\/p>\n\n\n\n<p><strong>Indlejret indhold fra andre websteder<\/strong> Artikler p\u00e5 dette websted kan indeholde indlejret indhold (f.eks. videoer, billeder, artikler osv.). Indlejret indhold fra andre websteder opf\u00f8rer sig p\u00e5 n\u00f8jagtig samme m\u00e5de som hvis bes\u00f8gende havde bes\u00f8gt det andet websted.<\/p>\n\n\n\n<p>Disse websteder kan indsamle data om dig, bruge cookies, indlejre yderligere tredjeparts sporingsmekanismer og overv\u00e5ge din interaktion med det indlejrede indhold, herunder sporing af din interaktion, hvis du har en konto og er logget ind p\u00e5 det websted.<\/p>\n\n\n\n<p><strong>Hvem vi deler dine data med<\/strong> Hvis du anmoder om en nulstilling af adgangskoden, vil din IP-adresse blive inkluderet i nulstillings-e-mailen.<\/p>\n\n\n\n<p><strong>Hvor l\u00e6nge vi opbevarer dine data<\/strong> Hvis du efterlader en kommentar, vil kommentaren og dens metadata blive opbevaret p\u00e5 ubestemt tid. Dette g\u00f8res for at kunne genkende og automatisk godkende eventuelle opf\u00f8lgende kommentarer i stedet for at holde dem i en moderationsk\u00f8.<\/p>\n\n\n\n<p>For brugere, der registrerer sig p\u00e5 vores websted (hvis relevant), opbevarer vi ogs\u00e5 de personlige oplysninger, de angiver i deres brugerprofil. Alle brugere kan se, redigere eller slette deres personlige oplysninger n\u00e5r som helst (undtagen brugernavnet). Webstedsadministratorer kan ogs\u00e5 se og redigere disse oplysninger.<\/p>\n\n\n\n<p><strong>Dine rettigheder over dine data<\/strong> Hvis du har en konto p\u00e5 dette websted eller har efterladt kommentarer, kan du anmode om at modtage en eksporteret fil med de personlige data, vi har om dig, herunder eventuelle data, du har givet os. Du kan ogs\u00e5 anmode om, at vi sletter alle personlige data, vi har om dig. Dette inkluderer ikke nogen data, som vi er forpligtede til at opbevare af administrative, juridiske eller sikkerhedsm\u00e6ssige \u00e5rsager.<\/p>\n\n\n\n<p><strong>Hvor dine data sendes hen<\/strong> Bes\u00f8gende kommentarer kan blive kontrolleret gennem en automatiseret spam-detektionstjeneste.<\/p>\n","protected":false},"excerpt":{"rendered":"<p>Hvem vi er Vores webadresse er: https:\/\/openwiking.com. Kommentarer N\u00e5r bes\u00f8gende efterlader kommentarer p\u00e5 webstedet, indsamler vi de data, der vises i kommentarformularen, samt bes\u00f8gendes IP-adresse&#8230;<\/p>\n","protected":false},"author":1,"featured_media":0,"parent":0,"menu_order":0,"comment_status":"closed","ping_status":"open","template":"","meta":{"footnotes":""},"class_list":["post-3","page","type-page","status-publish","hentry"],"translation":{"provider":"WPGlobus","version":"3.0.2","language":"da","enabled_languages":["en","es","de","fr","da","it","nl","no","br","sv"],"languages":{"en":{"title":true,"content":true,"excerpt":false},"es":{"title":true,"content":true,"excerpt":false},"de":{"title":true,"content":true,"excerpt":false},"fr":{"title":true,"content":true,"excerpt":false},"da":{"title":true,"content":true,"excerpt":false},"it":{"title":true,"content":true,"excerpt":false},"nl":{"title":true,"content":true,"excerpt":false},"no":{"title":true,"content":true,"excerpt":false},"br":{"title":true,"content":true,"excerpt":false},"sv":{"title":true,"content":true,"excerpt":false}}},"_links":{"self":[{"href":"https:\/\/openwiking.com\/da\/wp-json\/wp\/v2\/pages\/3","targetHints":{"allow":["GET"]}}],"collection":[{"href":"https:\/\/openwiking.com\/da\/wp-json\/wp\/v2\/pages"}],"about":[{"href":"https:\/\/openwiking.com\/da\/wp-json\/wp\/v2\/types\/page"}],"author":[{"embeddable":true,"href":"https:\/\/openwiking.com\/da\/wp-json\/wp\/v2\/users\/1"}],"replies":[{"embeddable":true,"href":"https:\/\/openwiking.com\/da\/wp-json\/wp\/v2\/comments?post=3"}],"version-history":[{"count":10,"href":"https:\/\/openwiking.com\/da\/wp-json\/wp\/v2\/pages\/3\/revisions"}],"predecessor-version":[{"id":145,"href":"https:\/\/openwiking.com\/da\/wp-json\/wp\/v2\/pages\/3\/revisions\/145"}],"wp:attachment":[{"href":"https:\/\/openwiking.com\/da\/wp-json\/wp\/v2\/media?parent=3"}],"curies":[{"name":"wp","href":"https:\/\/api.w.org\/{rel}","templated":true}]}}